{"id":16,"date":"2021-07-08T12:47:28","date_gmt":"2021-07-08T12:47:28","guid":{"rendered":"https:\/\/artystas.co\/?page_id=16"},"modified":"2021-07-24T22:25:55","modified_gmt":"2021-07-24T22:25:55","slug":"sobrenosotros","status":"publish","type":"page","link":"https:\/\/artystas.co\/index.php\/sobrenosotros\/","title":{"rendered":"Sobre nosotros"},"content":{"rendered":"<p class=\"has-large-font-size\"><strong>Como inici\u00f3 todo y que nos motiva a superarnos<\/strong><\/p>\n<p><\/p>\n\n\n<p><br><\/p>\n<p><p>Detr\u00e1s de esta empresa hay varios Artistas de la decoraci\u00f3n con globos y de la expresi\u00f3n social (regalos sorpresas), pero inicialmente comenz\u00f3 gracias a la idea de negocio de una persona alegre, determinada, apasionada por este arte, Yuleydis, o Yuli como la mayor\u00eda la conocen. <\/p>\n<br><\/p>\n\n\n\n<p>  <img loading=\"lazy\" decoding=\"async\" width=\"150\" height=\"218\" class=\"wp-image-141\" style=\"width: 150px;\" src=\"https:\/\/artystas.co\/wp-content\/uploads\/2021\/07\/WhatsApp-Image-2021-07-17-at-3.53.31-PM.jpeg\" alt=\"\"><\/p>\n\n\n\n<p><br><\/p>\n\n\n\n<p>Todo arranc\u00f3 hace 10 a\u00f1os aproximadamente en Valledupar, Cesar, Colombia, donde surgi\u00f3 una idea de negocio orientada a ofrecer regalos diferentes, a la que llamamos <strong><a href=\"http:\/\/www.artyfrutas.com\">Artyfrutas<\/a><\/strong>, con la cual ofrec\u00edamos detalles donde las frutas iban cortadas y conformaban frases y flores que te permit\u00edan sorprender de una forma diferente, y en cualquier ocasi\u00f3n.<\/p>\n\n\n\n<p><br><\/p>\n\n\n\n<p>Unos a\u00f1os m\u00e1s tarde esta idea de negocio migr\u00f3 a otra ciudad, donde los productos que ofrec\u00eda Artyfrutas se fueron ampliando, generando detalles que involucraban cada vez m\u00e1s los globos. As\u00ed comenzamos a capacitarnos y adquirir diferentes t\u00e9cnicas que nos permitieron crear diferentes productos para sorprender y que eran tendencia en el mercado, ya que conformaban frases y a la vez de ser un regalo pod\u00edan decorar. <\/p>\n\n\n\n<p><img loading=\"lazy\" decoding=\"async\" width=\"800\" height=\"303\" class=\"wp-image-155\" style=\"width: 800px;\" src=\"https:\/\/artystas.co\/wp-content\/uploads\/2021\/07\/WhatsApp-Image-2021-07-17-at-5.02.42-PM.jpeg\" alt=\"\"><\/p>\n\n\n\n<p>Sin embargo, al conocer nuestro trabajo con los globos, muchas personas nos preguntaban por decoraciones, y pensando en atender esa nueva necesidad que tenia nuestro mercado, seguimos capacit\u00e1ndonos ahora no solo en el uso de globos en los regalos sino en decorar de forma profesional.<\/p>\n\n\n\n<p><img loading=\"lazy\" decoding=\"async\" width=\"750\" height=\"250\" class=\"wp-image-160\" style=\"width: 750px;\" src=\"https:\/\/artystas.co\/wp-content\/uploads\/2021\/07\/WhatsApp-Image-2021-07-17-at-5.27.14-PM.jpeg\" alt=\"\"><\/p>\n\n\n\n<p><br><\/p>\n\n\n\n<p>Estos nuevos servicios y productos nos present\u00f3 varios desaf\u00edos, como por ejemplo, encontrar globos de calidad para crear decoraciones incre\u00edbles, hallar productos adecuados para armar y dar acabados profesionales a una decoraci\u00f3n o un detalle sorpresa. <\/p>\n\n\n\n<p><br><\/p>\n\n\n\n<p>Quer\u00edamos resolver este inconveniente de falta de insumos el cual, supon\u00edamos era la situaci\u00f3n de muchos decoradores o negocios de la expresi\u00f3n social en Colombia,  por eso creamos <strong>Artystas<\/strong>, una tienda para todos nosotros!  Una tienda separada de Artyfrutas, pero en la cual conservamos el prefijo <strong>Arty <\/strong>para recordar su origen. Una tienda con un nombre representativo, que se convirtiera en el identificador de una la comunidad de artistas de la decoraci\u00f3n y la expresi\u00f3n social, porque si analizamos bien el resultado de una decoraci\u00f3n o regalo con globos f\u00e1cilmente lo podemos denominar Arte y la persona que decora y\/o hace regalos incre\u00edbles con globos es un Artista!.<\/p>\n\n\n\n<p><br><\/p>\n\n\n\n<p>Con nuestra Empresa, esperamos que finalmente en todo Colombia, encuentres y uses productos, insumos y herramientas para lograr proyectos decorativos y sorpresas con acabados profesionales. queremos que tus productos marquen la diferencia, que superen las expectativas de sus clientes y que te permitan crecer como <strong>Artysta<\/strong> de la decoraci\u00f3n y de la expresi\u00f3n social.<\/p>\n\n\n\n<p><br><\/p>\n\n\n\n<p>Entonces, si eres decorador o haces regalos, al adquirir los productos que ofrecemos te conviertes en un Artysta; juntos crecemos en este mercado y nos apoyamos como colegas que somos.  te convertir\u00e1s en un miembro de nuestra comunidad y vamos a vivir grandes experiencias. y si eres uno de nuestros clientes y adquieres nuestras decoraciones o bouquets, estas apoyando nuestro arte y motiv\u00e1ndo a toda esta comunidad a seguir usando productos de calidad y a crecer como empresas.<\/p>\n\n\n\n<p><br><\/p>\n\n\n\n<p>Te invitamos a ver un poquito de las creaciones art\u00edsticas de toda la comunidad de Artystas de Colombia, visitando nuestras redes sociales:<\/p>\n\n\n\n<p><\/p>\n\n\n\n<p><\/p>\n\n\n\n<p><img loading=\"lazy\" decoding=\"async\" width=\"25\" height=\"25\" class=\"wp-image-129\" style=\"width: 25px;\" src=\"https:\/\/artystas.co\/wp-content\/uploads\/2021\/07\/Instagram.png\" alt=\"\">  <a href=\"https:\/\/www.instagram.com\/artystas.co\/\">https:\/\/www.instagram.com\/artystas.co\/<\/a><\/p>\n\n\n\n<p><img loading=\"lazy\" decoding=\"async\" width=\"25\" height=\"24\" class=\"wp-image-134\" style=\"width: 25px;\" src=\"https:\/\/artystas.co\/wp-content\/uploads\/2021\/07\/Facebook2.png\" alt=\"\">  <a href=\"https:\/\/www.facebook.com\/Artysta.co\/\">https:\/\/www.facebook.com\/Artysta.co\/<\/a><\/p>\n\n\n\n<p><br><\/p>\n","protected":false},"excerpt":{"rendered":"<p>Como inici\u00f3 todo y que nos motiva a superarnos Detr\u00e1s de esta empresa hay varios Artistas de la decoraci\u00f3n con globos y de la expresi\u00f3n social (regalos sorpresas), pero inicialmente comenz\u00f3 gracias a la idea de negocio de una persona alegre, determinada, apasionada por este arte, Yuleydis, o Yuli como la mayor\u00eda la conocen. Todo [&hellip;]<\/p>\n","protected":false},"author":1,"featured_media":0,"parent":0,"menu_order":0,"comment_status":"closed","ping_status":"closed","template":"","meta":{"_mi_skip_tracking":false,"_monsterinsights_sitenote_active":false,"_monsterinsights_sitenote_note":"","_monsterinsights_sitenote_category":0,"footnotes":""},"class_list":["post-16","page","type-page","status-publish","hentry"],"_links":{"self":[{"href":"https:\/\/artystas.co\/index.php\/wp-json\/wp\/v2\/pages\/16","targetHints":{"allow":["GET"]}}],"collection":[{"href":"https:\/\/artystas.co\/index.php\/wp-json\/wp\/v2\/pages"}],"about":[{"href":"https:\/\/artystas.co\/index.php\/wp-json\/wp\/v2\/types\/page"}],"author":[{"embeddable":true,"href":"https:\/\/artystas.co\/index.php\/wp-json\/wp\/v2\/users\/1"}],"replies":[{"embeddable":true,"href":"https:\/\/artystas.co\/index.php\/wp-json\/wp\/v2\/comments?post=16"}],"version-history":[{"count":53,"href":"https:\/\/artystas.co\/index.php\/wp-json\/wp\/v2\/pages\/16\/revisions"}],"predecessor-version":[{"id":581,"href":"https:\/\/artystas.co\/index.php\/wp-json\/wp\/v2\/pages\/16\/revisions\/581"}],"wp:attachment":[{"href":"https:\/\/artystas.co\/index.php\/wp-json\/wp\/v2\/media?parent=16"}],"curies":[{"name":"wp","href":"https:\/\/api.w.org\/{rel}","templated":true}]}}