{"id":67,"date":"2021-07-15T03:19:59","date_gmt":"2021-07-15T03:19:59","guid":{"rendered":"https:\/\/artystas.co\/?page_id=67"},"modified":"2021-07-27T19:14:14","modified_gmt":"2021-07-28T00:14:14","slug":"contacto","status":"publish","type":"page","link":"https:\/\/artystas.co\/index.php\/contacto\/","title":{"rendered":"Contacto"},"content":{"rendered":"\n<p style=\"font-size:32px\"><strong>Canales de atenci\u00f3n y contacto<\/strong><\/p>\n\n\n\n<p><br><\/p>\n\n\n\n<p><br><\/p>\n\n\n\n<p><strong>Para atenci\u00f3n personalizada escr\u00edbenos a nuestro Whatsapp:<\/strong><\/p>\n\n\n\n<p><br><\/p>\n<p><img decoding=\"async\" class=\"wp-image-134\" style=\"width: 25px;\" src=\"https:\/\/artystas.co\/wp-content\/uploads\/2021\/07\/580b57fcd9996e24bc43c543.png\" alt=\"\">  <a href=\"https:\/\/wa.me\/573026837590\">https:\/\/wa.me\/573026837590\/<\/a><\/p>\n\n\n\n<p><br><\/p>\n\n\n\n<p><strong>Siguenos en nuestras redes sociales:<\/strong><\/p>\n\n\n\n<p><br><\/p>\n\n\n\n<p><img loading=\"lazy\" decoding=\"async\" width=\"25\" height=\"25\" class=\"wp-image-129\" style=\"width: 25px;\" src=\"https:\/\/artystas.co\/wp-content\/uploads\/2021\/07\/Instagram.png\" alt=\"\">   <a href=\"https:\/\/www.instagram.com\/artystas.co\/\">https:\/\/www.instagram.com\/artystas.co\/<\/a><\/p>\n\n\n\n<p><br><\/p>\n\n\n\n<p><img loading=\"lazy\" decoding=\"async\" width=\"25\" height=\"24\" class=\"wp-image-134\" style=\"width: 25px;\" src=\"https:\/\/artystas.co\/wp-content\/uploads\/2021\/07\/Facebook2.png\" alt=\"\">   <a href=\"https:\/\/www.facebook.com\/Artysta.co\/\">https:\/\/www.facebook.com\/Artysta.co\/<\/a><\/p>\n\n\n\n<p><br><\/p>\n","protected":false},"excerpt":{"rendered":"<p>Canales de atenci\u00f3n y contacto Para atenci\u00f3n personalizada escr\u00edbenos a nuestro Whatsapp: https:\/\/wa.me\/573026837590\/ Siguenos en nuestras redes sociales: https:\/\/www.instagram.com\/artystas.co\/ https:\/\/www.facebook.com\/Artysta.co\/<\/p>\n","protected":false},"author":1,"featured_media":0,"parent":0,"menu_order":0,"comment_status":"closed","ping_status":"closed","template":"","meta":{"_mi_skip_tracking":false,"_monsterinsights_sitenote_active":false,"_monsterinsights_sitenote_note":"","_monsterinsights_sitenote_category":0,"footnotes":""},"class_list":["post-67","page","type-page","status-publish","hentry"],"_links":{"self":[{"href":"https:\/\/artystas.co\/index.php\/wp-json\/wp\/v2\/pages\/67","targetHints":{"allow":["GET"]}}],"collection":[{"href":"https:\/\/artystas.co\/index.php\/wp-json\/wp\/v2\/pages"}],"about":[{"href":"https:\/\/artystas.co\/index.php\/wp-json\/wp\/v2\/types\/page"}],"author":[{"embeddable":true,"href":"https:\/\/artystas.co\/index.php\/wp-json\/wp\/v2\/users\/1"}],"replies":[{"embeddable":true,"href":"https:\/\/artystas.co\/index.php\/wp-json\/wp\/v2\/comments?post=67"}],"version-history":[{"count":27,"href":"https:\/\/artystas.co\/index.php\/wp-json\/wp\/v2\/pages\/67\/revisions"}],"predecessor-version":[{"id":417,"href":"https:\/\/artystas.co\/index.php\/wp-json\/wp\/v2\/pages\/67\/revisions\/417"}],"wp:attachment":[{"href":"https:\/\/artystas.co\/index.php\/wp-json\/wp\/v2\/media?parent=67"}],"curies":[{"name":"wp","href":"https:\/\/api.w.org\/{rel}","templated":true}]}}