{"id":233,"date":"2021-07-19T00:34:02","date_gmt":"2021-07-19T00:34:02","guid":{"rendered":"https:\/\/artystas.co\/?post_type=product&#038;p=233"},"modified":"2023-07-04T19:47:16","modified_gmt":"2023-07-05T00:47:16","slug":"hi-shine-8-onzas","status":"publish","type":"product","link":"https:\/\/artystas.co\/index.php\/producto\/hi-shine-8-onzas\/","title":{"rendered":"Hi Shine 8 onzas"},"content":{"rendered":"<p>Producto l\u00edquido, que despu\u00e9s de su aplicaci\u00f3n le dar\u00e1 un toque brillante a tus globos DE LATEX evitando as\u00ed que se vean opacos u oxidados.<\/p>\n<p>Viene con v\u00e1lvula para aplicarlo, por lo que no requieres esparcirlo con guante ni pasar un pa\u00f1o al globo.<\/p>\n<p>Es Seguro, No contiene olores y No es t\u00f3xico;<\/p>\n<p>Puedes aplicarlo en globos DE LATEX con aire o con Helio.<\/p>\n<p>Puedes Aplicarlo para prevenir la oxidaci\u00f3n o para los globos con un tiempo inflados y oxidados, para darles un brillo mucho mayor al que ten\u00edan reci\u00e9n inflados.<\/p>\n<p>En la presentaci\u00f3n de este producto contiene 8 onzas o 236 mililitros o cent\u00edmetros c\u00fabicos<\/p>\n<p><strong>Modo de Uso:<\/strong><\/p>\n<p>Para usar debes desbloquear la v\u00e1lvula; Luego podr\u00e1s rosear tus globos a unos 15 cm de distancia; debes cubrir la superficie del globo lo m\u00e1ximo posible, pero no apliques demasiado Hi Shine que se escurra y gotee. Hi Shine se esparcir\u00e1 naturalmente por el globo y lo cubrir\u00e1 completamente. Reci\u00e9n aplicas Hi Shine, el Globo tendr\u00e1 una apariencia mojada y lechosa, luego de unos minutos tendr\u00e1 un efecto completamente brillante. al secarse el Hi Shine dejar\u00e1 una capa ligeramente aceitosa al tacto.<\/p>\n<p><strong>Recomendaciones<\/strong><\/p>\n<p>Se debe proteger el espacio sobre el cual va a trabajar y aplicar Hishine, ya que es un liquido que puede\u00a0 dejar el piso resbaladizo y tambi\u00e9n manchar alfombras.<\/p>\n<p>Para aplicarlo sobre globos con helio que tengan HI FLOAT, debe esperar unas horas desde que haya sido inflado, porque si se aplica inmediatamente puede afectar el secado del HI FLOAT y disminuir el tiempo de elevaci\u00f3n del globo.<\/p>\n<p>&nbsp;<\/p>\n","protected":false},"excerpt":{"rendered":"<p>Producto l\u00edquido, que despu\u00e9s de su aplicaci\u00f3n le dar\u00e1 un toque brillante a tus globos DE LATEX evitando as\u00ed que se vean opacos u oxidados.<\/p>\n<p><img loading=\"lazy\" decoding=\"async\" class=\"wp-image-285 alignleft\" src=\"https:\/\/artystas.co\/wp-content\/uploads\/2021\/07\/envios.png\" alt=\"\" width=\"200\" height=\"36\" \/><\/p>\n<p>&nbsp;<\/p>\n<p>&nbsp;<\/p>\n<p>&nbsp;<\/p>\n","protected":false},"featured_media":595,"template":"","meta":{"_mi_skip_tracking":false,"_monsterinsights_sitenote_active":false,"_monsterinsights_sitenote_note":"","_monsterinsights_sitenote_category":0},"product_cat":[104],"product_tag":[42,34,33,31,32,35],"class_list":["post-233","product","type-product","status-publish","has-post-thumbnail","hentry","product_cat-brillo-para-globos","product_tag-brillo-de-globos","product_tag-brillo-hashine","product_tag-brillo-para-globos","product_tag-hi-shine","product_tag-hi-shine-colombia","product_tag-hishine"],"_links":{"self":[{"href":"https:\/\/artystas.co\/index.php\/wp-json\/wp\/v2\/product\/233","targetHints":{"allow":["GET"]}}],"collection":[{"href":"https:\/\/artystas.co\/index.php\/wp-json\/wp\/v2\/product"}],"about":[{"href":"https:\/\/artystas.co\/index.php\/wp-json\/wp\/v2\/types\/product"}],"wp:featuredmedia":[{"embeddable":true,"href":"https:\/\/artystas.co\/index.php\/wp-json\/wp\/v2\/media\/595"}],"wp:attachment":[{"href":"https:\/\/artystas.co\/index.php\/wp-json\/wp\/v2\/media?parent=233"}],"wp:term":[{"taxonomy":"product_cat","embeddable":true,"href":"https:\/\/artystas.co\/index.php\/wp-json\/wp\/v2\/product_cat?post=233"},{"taxonomy":"product_tag","embeddable":true,"href":"https:\/\/artystas.co\/index.php\/wp-json\/wp\/v2\/product_tag?post=233"}],"curies":[{"name":"wp","href":"https:\/\/api.w.org\/{rel}","templated":true}]}}