{"id":447,"date":"2021-09-30T21:43:32","date_gmt":"2021-10-01T02:43:32","guid":{"rendered":"https:\/\/artystas.co\/?post_type=product&#038;p=447"},"modified":"2021-12-15T11:28:12","modified_gmt":"2021-12-15T16:28:12","slug":"globo-corazon-rojo-solido","status":"publish","type":"product","link":"https:\/\/artystas.co\/index.php\/producto\/globo-corazon-rojo-solido\/","title":{"rendered":"Globo 17&#8243; Coraz\u00f3n Rojo S\u00f3lido"},"content":{"rendered":"<p>Globo de 17 pulgadas de forma de Coraz\u00f3n, color Rojo S\u00f3lido<\/p>\n<p>Para inflar con aire<\/p>\n<p>No aseguramos que eleve con Helio, depender\u00e1 de que tanto sea inflado.<\/p>\n<p>&nbsp;<\/p>\n","protected":false},"excerpt":{"rendered":"<p>Globo Coraz\u00f3n 17&#8243; Rojo S\u00f3lido<\/p>\n<p>Para inflar con aire<\/p>\n<p>No aseguramos que eleve con Helio, depender\u00e1 de que tanto sea inflado.<\/p>\n<p><img loading=\"lazy\" decoding=\"async\" class=\"alignleft wp-image-285\" src=\"https:\/\/artystas.co\/wp-content\/uploads\/2021\/07\/envios.png\" alt=\"\" width=\"200\" height=\"36\" \/><\/p>\n<p>&nbsp;<\/p>\n<p>&nbsp;<\/p>\n","protected":false},"featured_media":477,"template":"","meta":{"_mi_skip_tracking":false,"_monsterinsights_sitenote_active":false,"_monsterinsights_sitenote_note":"","_monsterinsights_sitenote_category":0},"product_cat":[52],"product_tag":[53,61,56,54],"class_list":["post-447","product","type-product","status-publish","has-post-thumbnail","hentry","product_cat-metalizados","product_tag-globo-corazon","product_tag-globo-corazon-rojo","product_tag-globo-metalizado","product_tag-globo-microfoil"],"_links":{"self":[{"href":"https:\/\/artystas.co\/index.php\/wp-json\/wp\/v2\/product\/447","targetHints":{"allow":["GET"]}}],"collection":[{"href":"https:\/\/artystas.co\/index.php\/wp-json\/wp\/v2\/product"}],"about":[{"href":"https:\/\/artystas.co\/index.php\/wp-json\/wp\/v2\/types\/product"}],"wp:featuredmedia":[{"embeddable":true,"href":"https:\/\/artystas.co\/index.php\/wp-json\/wp\/v2\/media\/477"}],"wp:attachment":[{"href":"https:\/\/artystas.co\/index.php\/wp-json\/wp\/v2\/media?parent=447"}],"wp:term":[{"taxonomy":"product_cat","embeddable":true,"href":"https:\/\/artystas.co\/index.php\/wp-json\/wp\/v2\/product_cat?post=447"},{"taxonomy":"product_tag","embeddable":true,"href":"https:\/\/artystas.co\/index.php\/wp-json\/wp\/v2\/product_tag?post=447"}],"curies":[{"name":"wp","href":"https:\/\/api.w.org\/{rel}","templated":true}]}}