{"id":516,"date":"2021-10-11T22:14:50","date_gmt":"2021-10-12T03:14:50","guid":{"rendered":"https:\/\/artystas.co\/?post_type=product&#038;p=516"},"modified":"2024-01-04T21:05:12","modified_gmt":"2024-01-05T02:05:12","slug":"brilla-flux","status":"publish","type":"product","link":"https:\/\/artystas.co\/index.php\/producto\/brilla-flux\/","title":{"rendered":"BrillaFlux"},"content":{"rendered":"<p>Producto en aerosol para dar acabado brillante a los globos de l\u00e1tex.<\/p>\n<p>Modo de uso:<\/p>\n<p>Agite antes de\u00a0<b>usar<\/b>, aplique m\u00e1ximo a 10cm de distancia de manera continua y sin pausas, use tambi\u00e9n para restaurar el brillo inicial despu\u00e9s de un largo per\u00edodo de inflado, no aplicar en decoraciones expuestas al sol o viento. No aplicar en decoraciones expuestas al sol o el viento.<\/p>\n<p>Recomendaciones:<\/p>\n<p>Es un Producto inflamable.<\/p>\n<p>Debe mantener fuera del alcance de los ni\u00f1os.<\/p>\n<p>&nbsp;<\/p>\n<p>&nbsp;<\/p>\n","protected":false},"excerpt":{"rendered":"<p>Producto en aerosol para dar acabado brillante a los globos de l\u00e1tex.<\/p>\n<p><img loading=\"lazy\" decoding=\"async\" class=\"wp-image-285 alignleft\" src=\"https:\/\/artystas.co\/wp-content\/uploads\/2021\/07\/envios.png\" alt=\"\" width=\"200\" height=\"36\" \/><\/p>\n<p>&nbsp;<\/p>\n<p>&nbsp;<\/p>\n<p>&nbsp;<\/p>\n","protected":false},"featured_media":597,"template":"","meta":{"_mi_skip_tracking":false,"_monsterinsights_sitenote_active":false,"_monsterinsights_sitenote_note":"","_monsterinsights_sitenote_category":0},"product_cat":[104],"product_tag":[103,102,42,33],"class_list":["post-516","product","type-product","status-publish","has-post-thumbnail","hentry","product_cat-brillo-para-globos","product_tag-brilla-flux","product_tag-brillaflux","product_tag-brillo-de-globos","product_tag-brillo-para-globos"],"_links":{"self":[{"href":"https:\/\/artystas.co\/index.php\/wp-json\/wp\/v2\/product\/516","targetHints":{"allow":["GET"]}}],"collection":[{"href":"https:\/\/artystas.co\/index.php\/wp-json\/wp\/v2\/product"}],"about":[{"href":"https:\/\/artystas.co\/index.php\/wp-json\/wp\/v2\/types\/product"}],"wp:featuredmedia":[{"embeddable":true,"href":"https:\/\/artystas.co\/index.php\/wp-json\/wp\/v2\/media\/597"}],"wp:attachment":[{"href":"https:\/\/artystas.co\/index.php\/wp-json\/wp\/v2\/media?parent=516"}],"wp:term":[{"taxonomy":"product_cat","embeddable":true,"href":"https:\/\/artystas.co\/index.php\/wp-json\/wp\/v2\/product_cat?post=516"},{"taxonomy":"product_tag","embeddable":true,"href":"https:\/\/artystas.co\/index.php\/wp-json\/wp\/v2\/product_tag?post=516"}],"curies":[{"name":"wp","href":"https:\/\/api.w.org\/{rel}","templated":true}]}}