{"id":592,"date":"2022-06-21T18:55:20","date_gmt":"2022-06-21T23:55:20","guid":{"rendered":"https:\/\/artystas.co\/?post_type=product&#038;p=592"},"modified":"2023-07-04T19:42:00","modified_gmt":"2023-07-05T00:42:00","slug":"brilla-flux-ultra","status":"publish","type":"product","link":"https:\/\/artystas.co\/index.php\/producto\/brilla-flux-ultra\/","title":{"rendered":"Brilla Flux Ultra"},"content":{"rendered":"<p>Producto l\u00edquido, que despu\u00e9s de su aplicaci\u00f3n le dar\u00e1 un toque brillante a tus globos DE LATEX evitando as\u00ed que se vean opacos u oxidados.<\/p>\n<p>Viene con v\u00e1lvula para aplicarlo, por lo que no requieres esparcirlo con guante ni pasar un pa\u00f1o al globo.<\/p>\n<p>Es Seguro, No contiene olores y No es t\u00f3xico;<\/p>\n<p>Puedes aplicarlo en globos DE LATEX con aire o con Helio.<\/p>\n<p>Puedes Aplicarlo para prevenir la oxidaci\u00f3n o para los globos con un tiempo inflados y oxidados, para darles un brillo mucho mayor al que ten\u00edan reci\u00e9n inflados.<\/p>\n<p>Brillo sin sensaci\u00f3n grasa: el m\u00e1s seco del mundo por su alta absorci\u00f3n en el l\u00e1tex<\/p>\n<p>En la presentaci\u00f3n de este producto contiene 300 mililitros o cent\u00edmetros c\u00fabicos<\/p>\n<p><strong>Modo de Uso:<\/strong><\/p>\n<p>Agite antes de usar; aplique uniformemente cubriendo toda la superficie del globo; dejar actuar durante 20 minutos para obtener el mayor brillo.<\/p>\n<p>Este producto llega sellado con tapa pl\u00e1stica, al momento de usar retire esta tapa e instale el aplicador; si va a guardar por mucho tiempo o transportarlo, s\u00e9llelo de nuevo con la tapa pl\u00e1stica para evitar derrames del liquido.<\/p>\n<p><strong>Recomendaciones<\/strong><\/p>\n<p>Se debe proteger el espacio sobre el cual va a trabajar y aplicar Brillaflux Ultra, ya que es un liquido que puede\u00a0 dejar el piso resbaladizo.<\/p>\n<p>Para aplicarlo sobre globos con helio que tengan HI FLOAT, debe esperar unas horas desde que haya sido inflado, porque si se aplica inmediatamente puede afectar el secado del HI FLOAT y disminuir el tiempo de elevaci\u00f3n del globo.<\/p>\n<p>Es un Producto NO inflamable.<\/p>\n<p>No t\u00f3xico.<\/p>\n<p>Evitar el contacto con los ojos.<\/p>\n<p>Debe mantener fuera del alcance de los ni\u00f1os.<\/p>\n<p>&nbsp;<\/p>\n<p>&nbsp;<\/p>\n<p>&nbsp;<\/p>\n","protected":false},"excerpt":{"rendered":"<p>Producto para dar acabado brillante a los globos de l\u00e1tex.<\/p>\n<p><img loading=\"lazy\" decoding=\"async\" class=\"wp-image-285 alignleft\" src=\"https:\/\/artystas.co\/wp-content\/uploads\/2021\/07\/envios.png\" alt=\"\" width=\"200\" height=\"36\" \/><\/p>\n<p>&nbsp;<\/p>\n<p>&nbsp;<\/p>\n<p>&nbsp;<\/p>\n","protected":false},"featured_media":594,"template":"","meta":{"_mi_skip_tracking":false,"_monsterinsights_sitenote_active":false,"_monsterinsights_sitenote_note":"","_monsterinsights_sitenote_category":0},"product_cat":[104],"product_tag":[103,102,107,106,42,33],"class_list":["post-592","product","type-product","status-publish","has-post-thumbnail","hentry","product_cat-brillo-para-globos","product_tag-brilla-flux","product_tag-brillaflux","product_tag-brillaflux-pink","product_tag-brillaflux-ultra","product_tag-brillo-de-globos","product_tag-brillo-para-globos"],"_links":{"self":[{"href":"https:\/\/artystas.co\/index.php\/wp-json\/wp\/v2\/product\/592","targetHints":{"allow":["GET"]}}],"collection":[{"href":"https:\/\/artystas.co\/index.php\/wp-json\/wp\/v2\/product"}],"about":[{"href":"https:\/\/artystas.co\/index.php\/wp-json\/wp\/v2\/types\/product"}],"wp:featuredmedia":[{"embeddable":true,"href":"https:\/\/artystas.co\/index.php\/wp-json\/wp\/v2\/media\/594"}],"wp:attachment":[{"href":"https:\/\/artystas.co\/index.php\/wp-json\/wp\/v2\/media?parent=592"}],"wp:term":[{"taxonomy":"product_cat","embeddable":true,"href":"https:\/\/artystas.co\/index.php\/wp-json\/wp\/v2\/product_cat?post=592"},{"taxonomy":"product_tag","embeddable":true,"href":"https:\/\/artystas.co\/index.php\/wp-json\/wp\/v2\/product_tag?post=592"}],"curies":[{"name":"wp","href":"https:\/\/api.w.org\/{rel}","templated":true}]}}