{"id":606,"date":"2022-06-21T21:33:37","date_gmt":"2022-06-22T02:33:37","guid":{"rendered":"https:\/\/artystas.co\/?post_type=product&#038;p=606"},"modified":"2024-01-04T21:04:19","modified_gmt":"2024-01-05T02:04:19","slug":"bolicutter","status":"publish","type":"product","link":"https:\/\/artystas.co\/index.php\/producto\/bolicutter\/","title":{"rendered":"Bolicutter"},"content":{"rendered":"<p>Accesorio especializado para cortar c\u00f3modamente y con m\u00e1xima precisi\u00f3n los excesos de globos de l\u00e1tex durante la decoraci\u00f3n.<\/p>\n","protected":false},"excerpt":{"rendered":"<p>Accesorio especializado para cortar c\u00f3modamente y con m\u00e1xima precisi\u00f3n los excesos de globos de l\u00e1tex durante la decoraci\u00f3n.<\/p>\n<p><img loading=\"lazy\" decoding=\"async\" class=\"alignleft wp-image-285\" src=\"https:\/\/artystas.co\/wp-content\/uploads\/2021\/07\/envios.png\" alt=\"\" width=\"200\" height=\"36\" \/><\/p>\n<p>&nbsp;<\/p>\n<p>&nbsp;<\/p>\n","protected":false},"featured_media":607,"template":"","meta":{"_mi_skip_tracking":false,"_monsterinsights_sitenote_active":false,"_monsterinsights_sitenote_note":"","_monsterinsights_sitenote_category":0},"product_cat":[95],"product_tag":[108,110,109],"class_list":["post-606","product","type-product","status-publish","has-post-thumbnail","hentry","product_cat-herramientas-del-decorador","product_tag-bolicutter","product_tag-cortador-de-globos","product_tag-cortador-globos"],"_links":{"self":[{"href":"https:\/\/artystas.co\/index.php\/wp-json\/wp\/v2\/product\/606","targetHints":{"allow":["GET"]}}],"collection":[{"href":"https:\/\/artystas.co\/index.php\/wp-json\/wp\/v2\/product"}],"about":[{"href":"https:\/\/artystas.co\/index.php\/wp-json\/wp\/v2\/types\/product"}],"wp:featuredmedia":[{"embeddable":true,"href":"https:\/\/artystas.co\/index.php\/wp-json\/wp\/v2\/media\/607"}],"wp:attachment":[{"href":"https:\/\/artystas.co\/index.php\/wp-json\/wp\/v2\/media?parent=606"}],"wp:term":[{"taxonomy":"product_cat","embeddable":true,"href":"https:\/\/artystas.co\/index.php\/wp-json\/wp\/v2\/product_cat?post=606"},{"taxonomy":"product_tag","embeddable":true,"href":"https:\/\/artystas.co\/index.php\/wp-json\/wp\/v2\/product_tag?post=606"}],"curies":[{"name":"wp","href":"https:\/\/api.w.org\/{rel}","templated":true}]}}